{"id":123,"date":"2015-01-28T22:43:47","date_gmt":"2015-01-28T22:43:47","guid":{"rendered":"http:\/\/www.rubberngila.com\/?page_id=123"},"modified":"2021-05-19T21:10:55","modified_gmt":"2021-05-19T21:10:55","slug":"home","status":"publish","type":"page","link":"https:\/\/www.rubberngila.com\/","title":{"rendered":"HOME"},"content":{"rendered":"<h2>A Empresa<\/h2>\n<p>A Rubber n\u00b4gila veio para introduzir em Angola:<\/p>\n<ul>\n<li>As mais avan\u00e7adas tecnologias para a constru\u00e7\u00e3o e\u00a0manuten\u00e7\u00e3o de pavimentos;<\/li>\n<li>A tecnologia de produ\u00e7\u00e3o e fornecimento de aditivos\u00a0elastom\u00e9ricos, como o RAR-X que melhoram\u00a0significativamente a qualidade dos pavimentos, no\u00a0mercado rodovi\u00e1rio e aeroportu\u00e1rio de Angola;<\/li>\n<li>A tecnologia de aplica\u00e7\u00e3o de tratamentos superficiais\u00a0simples e duplos com ligantes de alta e muito alta\u00a0viscosidade.<\/li>\n<\/ul>\n<p>A Rubber n\u00b4gila apoia a RAF (www.ra-foundation.org) e a RPA\u00a0(www.rubberpavements.org), que s\u00e3o associa\u00e7\u00f5es sem fins lucrativos, que se\u00a0dedicam \u00e0 promo\u00e7\u00e3o de uma maior utiliza\u00e7\u00e3o de pavimentos asf\u00e1lticos de alta\u00a0qualidade, rent\u00e1veis e que contenham borracha de pneus reciclados. A RAF e a\u00a0RPA est\u00e3o sedeadas no estado do Arizona, nos Estados Unidos, porque o mais\u00a0amplamente utilizado e nacionalmente aceite material que cont\u00e9m pneus\u00a0reciclados, Asfalto-Borracha, foi desenvolvido no estado e todos os principais\u00a0componentes da ind\u00fastria est\u00e3o prontamente dispon\u00edveis. O Arizona e a Calif\u00f3rnia\u00a0possuem pavimentos de Asfalto-Borracha\u00a0que t\u00eam estado em servi\u00e7o h\u00e1 muitos anos.<\/p>\n<p>&nbsp;<\/p>\n<h4>Tecnologias Sustent\u00e1veis de Betume Borracha Modificado<\/h4>\n<p>D\u00e9cadas de sucesso no seu uso noutros Pa\u00edses d\u00e3o credibilidade \u00e0s\u00a0afirma\u00e7\u00f5es de que o Asfalto-Borracha pode aumentar drasticamente a\u00a0performance. Trabalho de investiga\u00e7\u00e3o mais recente utilizando t\u00e9cnicas\u00a0avan\u00e7adas de teste verificaram o seu potencial.<\/p>\n<p>Porqu\u00ea colocar Borracha em Asfalto?<\/p>\n<ul>\n<li>O objectivo n\u00e3o \u00e9 livrarmos-nos dos pneus mas elevar a\u00a0performance do ligante e mistura;<\/li>\n<li>Os pneus possuem grandes propriedades de engenharia, eles\u00a0n\u00e3o se quebram no frio nem derretem no calor. Eles possuem\u00a0uma maior amplitude de performance que o asfalto;<\/li>\n<li>Fazer pavimentos asf\u00e1lticos que tenham a performance dos\u00a0pneus.<\/li>\n<\/ul>\n<p>Borracha de Pneu \u00e9 uma ferramenta de engenharia para:<\/p>\n<ul>\n<li>Reduzir fractura\u00e7\u00e3o \/ fissura\u00e7\u00e3o;<\/li>\n<li>Aumentar conte\u00fado de asfalto e espessura da pel\u00edcula de\u00a0asfalto;<\/li>\n<li>Prevenir exsuda\u00e7\u00e3o e escorrimento;<\/li>\n<li>Uma ajuda para o aumento da vida de performance;<\/li>\n<li>Poupar dinheiro em manuten\u00e7\u00e3o reduzida;<\/li>\n<li>Poupar dinheiro no custo de empreitada atrav\u00e9s da redu\u00e7\u00e3o de\u00a0espessura;<\/li>\n<li>Aumentar a seguran\u00e7a e reduzir o ru\u00eddo.<\/li>\n<\/ul>\n<p>Porque Modificamos o Asfalto?<\/p>\n<ul>\n<li>Asfalto n\u00e3o modificado pode ser sens\u00edvel a varia\u00e7\u00f5es de temperatura.\n<ul>\n<li>Quebradi\u00e7o a temperaturas baixas.\n<ul>\n<li>Fissuras t\u00e9rmicas.<\/li>\n<\/ul>\n<\/li>\n<li>Amolece a altas temperaturas.\n<ul>\n<li>Cavados de Rodeira e deforma\u00e7\u00f5es da superf\u00edcie.<\/li>\n<\/ul>\n<\/li>\n<\/ul>\n<\/li>\n<li>A modifica\u00e7\u00e3o torna o asfalto mais est\u00e1vel \u00e0 temperatura.<\/li>\n<\/ul>\n","protected":false},"excerpt":{"rendered":"A Empresa A Rubber n\u00b4gila veio para introduzir em Angola: As mais avan\u00e7adas tecnologias para a constru\u00e7\u00e3o e\u00a0manuten\u00e7\u00e3o de pavimentos; A tecnologia de produ\u00e7\u00e3o e fornecimento de aditivos\u00a0elastom\u00e9ricos, como o RAR-X que melhoram\u00a0significativamente a qualidade dos pavimentos, no\u00a0mercado rodovi\u00e1rio e aeroportu\u00e1rio de Angola; A tecnologia de aplica\u00e7\u00e3o de tratamentos superficiais\u00a0simples e duplos com ligantes de alta e muito alta\u00a0viscosidade. A&nbsp;<a href=\"https:\/\/www.rubberngila.com\/\" class=\"read-more\">Continue Reading<\/a>","protected":false},"author":1,"featured_media":0,"parent":0,"menu_order":0,"comment_status":"closed","ping_status":"closed","template":"page-home.php","meta":{"footnotes":""},"class_list":["post-123","page","type-page","status-publish","hentry"],"_links":{"self":[{"href":"https:\/\/www.rubberngila.com\/index.php?rest_route=\/wp\/v2\/pages\/123"}],"collection":[{"href":"https:\/\/www.rubberngila.com\/index.php?rest_route=\/wp\/v2\/pages"}],"about":[{"href":"https:\/\/www.rubberngila.com\/index.php?rest_route=\/wp\/v2\/types\/page"}],"author":[{"embeddable":true,"href":"https:\/\/www.rubberngila.com\/index.php?rest_route=\/wp\/v2\/users\/1"}],"replies":[{"embeddable":true,"href":"https:\/\/www.rubberngila.com\/index.php?rest_route=%2Fwp%2Fv2%2Fcomments&post=123"}],"version-history":[{"count":37,"href":"https:\/\/www.rubberngila.com\/index.php?rest_route=\/wp\/v2\/pages\/123\/revisions"}],"predecessor-version":[{"id":429,"href":"https:\/\/www.rubberngila.com\/index.php?rest_route=\/wp\/v2\/pages\/123\/revisions\/429"}],"wp:attachment":[{"href":"https:\/\/www.rubberngila.com\/index.php?rest_route=%2Fwp%2Fv2%2Fmedia&parent=123"}],"curies":[{"name":"wp","href":"https:\/\/api.w.org\/{rel}","templated":true}]}}