{"id":22,"date":"2015-01-27T16:17:44","date_gmt":"2015-01-27T16:17:44","guid":{"rendered":"http:\/\/www.rubberngila.com\/?page_id=22"},"modified":"2015-05-18T04:31:09","modified_gmt":"2015-05-18T04:31:09","slug":"servicos-chipseal","status":"publish","type":"page","link":"https:\/\/www.rubberngila.com\/?page_id=22","title":{"rendered":"TRATAMENTOS SUPERFICIAIS"},"content":{"rendered":"<p>A RECINGILA disp\u00f5e da tecnologia necess\u00e1ria para a aplica\u00e7\u00e3o de tratamentos superficiais simples e duplos com ligantes de alta e muito alta viscosidade.<\/p>\n<p>Tratamentos superficiais t\u00edpicos usam uma emuls\u00e3o de asfalto a que o res\u00edduo de asfalto resultante\u00a0deixado no pavimento, antes de os chips serem aplicados, \u00e9 de aproximadamente 0,9 l\/m<sup>2<\/sup> (\"superscript\").\u00a0Comparativamente, uma taxa de aplica\u00e7\u00e3o de AR para um revestimento de selagem est\u00e1 na gama\u00a0de 2,5 l\/m<sup>2<\/sup> (\"superscript\") a 3,4 l\/m<sup>2<\/sup> (\"superscript\"). Este maior grau de aplica\u00e7\u00e3o de ligante aumenta a capacidade de resist\u00eancia \u00e0\u00a0fissura\u00e7\u00e3o do revestimento de selagem e reduz a taxa de envelhecimento do ligante de Asfalto-\u00a0Borracha em compara\u00e7\u00e3o com um ligante de revestimento de selagem t\u00edpica.<\/p>\n","protected":false},"excerpt":{"rendered":"A RECINGILA disp\u00f5e da tecnologia necess\u00e1ria para a aplica\u00e7\u00e3o de tratamentos superficiais simples e duplos com ligantes de alta e muito alta viscosidade. Tratamentos superficiais t\u00edpicos usam uma emuls\u00e3o de asfalto a que o res\u00edduo de asfalto resultante\u00a0deixado no pavimento, antes de os chips serem aplicados, \u00e9 de aproximadamente 0,9 l\/m2 (\"superscript\").\u00a0Comparativamente, uma taxa de aplica\u00e7\u00e3o de AR para um&nbsp;<a href=\"https:\/\/www.rubberngila.com\/?page_id=22\" class=\"read-more\">Continue Reading<\/a>","protected":false},"author":1,"featured_media":0,"parent":0,"menu_order":0,"comment_status":"closed","ping_status":"closed","template":"page-fullwidth.php","meta":{"footnotes":""},"class_list":["post-22","page","type-page","status-publish","hentry"],"_links":{"self":[{"href":"https:\/\/www.rubberngila.com\/index.php?rest_route=\/wp\/v2\/pages\/22"}],"collection":[{"href":"https:\/\/www.rubberngila.com\/index.php?rest_route=\/wp\/v2\/pages"}],"about":[{"href":"https:\/\/www.rubberngila.com\/index.php?rest_route=\/wp\/v2\/types\/page"}],"author":[{"embeddable":true,"href":"https:\/\/www.rubberngila.com\/index.php?rest_route=\/wp\/v2\/users\/1"}],"replies":[{"embeddable":true,"href":"https:\/\/www.rubberngila.com\/index.php?rest_route=%2Fwp%2Fv2%2Fcomments&post=22"}],"version-history":[{"count":21,"href":"https:\/\/www.rubberngila.com\/index.php?rest_route=\/wp\/v2\/pages\/22\/revisions"}],"predecessor-version":[{"id":399,"href":"https:\/\/www.rubberngila.com\/index.php?rest_route=\/wp\/v2\/pages\/22\/revisions\/399"}],"wp:attachment":[{"href":"https:\/\/www.rubberngila.com\/index.php?rest_route=%2Fwp%2Fv2%2Fmedia&parent=22"}],"curies":[{"name":"wp","href":"https:\/\/api.w.org\/{rel}","templated":true}]}}