{"id":317,"date":"2015-05-16T22:34:58","date_gmt":"2015-05-16T22:34:58","guid":{"rendered":"http:\/\/www.rubberngila.com\/?page_id=317"},"modified":"2015-05-18T04:35:28","modified_gmt":"2015-05-18T04:35:28","slug":"beneficios","status":"publish","type":"page","link":"https:\/\/www.rubberngila.com\/?page_id=317","title":{"rendered":"AMBIENTE"},"content":{"rendered":"<h3>Benef\u00edcios Ambientais<\/h3>\n<p>Reconhecendo os enormes benef\u00edcios econ\u00f3micos e ambientais da utiliza\u00e7\u00e3o da borracha reciclada de pneus nas\u00a0estrat\u00e9gias de manuten\u00e7\u00e3o e constru\u00e7\u00e3o de estradas o Governo do Estado da Calif\u00f3rnia USA mandatou, j\u00e1 desde 2005,\u00a0que o Departamento de Estradas (CALTRANS) usasse no m\u00ednimo 35% de Asfalto-Borracha (por tonelada) nas\u00a0misturas betuminosas usadas nos pavimentos do Estado.<\/p>\n<p>Recentemente, em Fevereiro de 2015, o Departamento de Estradas passou a\u00a0exigir aos seus projectistas que TODAS as misturas que sejam aplicadas na\u00a0camada de desgaste do pavimento tivessem Asfalto-Borracha.<\/p>\n<p>O Governador da Calif\u00f3rnia em Abril de 2015, comprometeu-se a reduzir a\u00a0emiss\u00e3o de gases de estufa em 40% at\u00e9 2030 em rela\u00e7\u00e3o a 1990. Com a\u00a0utiliza\u00e7\u00e3o de Asfalto-Borracha em camadas de desgaste consegue-se redu\u00e7\u00e3o\u00a0de 100 a 200 toneladas de CO<sub>2<\/sub> por via por km em rela\u00e7\u00e3o ao processo\u00a0normalmente utilizado. A utiliza\u00e7\u00e3o de borracha reciclada de pneus em RAR-X\u00a0produtos com o , e a sua posterior utiliza\u00e7\u00e3o em estradas, \u00e9, sem<br \/>\nd\u00favida, a maneira ambientalmente mais correcta de fazer face \u00e0 reutiliza\u00e7\u00e3o<br \/>\ndas borrachas provenientes da reciclagem de pneus.<\/p>\n<p><a href=\"http:\/\/www.rubberngila.com\/wp-content\/uploads\/2015\/05\/pneu-abandonado.jpg\"><img loading=\"lazy\" decoding=\"async\" class=\"alignnone size-medium wp-image-392\" src=\"http:\/\/www.rubberngila.com\/wp-content\/uploads\/2015\/05\/pneu-abandonado-244x300.jpg\" alt=\"pneu-abandonado\" width=\"244\" height=\"300\" srcset=\"https:\/\/www.rubberngila.com\/wp-content\/uploads\/2015\/05\/pneu-abandonado-244x300.jpg 244w, https:\/\/www.rubberngila.com\/wp-content\/uploads\/2015\/05\/pneu-abandonado.jpg 586w\" sizes=\"(max-width: 244px) 100vw, 244px\" \/><\/a><\/p>\n","protected":false},"excerpt":{"rendered":"Benef\u00edcios Ambientais Reconhecendo os enormes benef\u00edcios econ\u00f3micos e ambientais da utiliza\u00e7\u00e3o da borracha reciclada de pneus nas\u00a0estrat\u00e9gias de manuten\u00e7\u00e3o e constru\u00e7\u00e3o de estradas o Governo do Estado da Calif\u00f3rnia USA mandatou, j\u00e1 desde 2005,\u00a0que o Departamento de Estradas (CALTRANS) usasse no m\u00ednimo 35% de Asfalto-Borracha (por tonelada) nas\u00a0misturas betuminosas usadas nos pavimentos do Estado. Recentemente, em Fevereiro de 2015, o&nbsp;<a href=\"https:\/\/www.rubberngila.com\/?page_id=317\" class=\"read-more\">Continue Reading<\/a>","protected":false},"author":1,"featured_media":0,"parent":24,"menu_order":0,"comment_status":"closed","ping_status":"closed","template":"page-fullwidth.php","meta":{"footnotes":""},"class_list":["post-317","page","type-page","status-publish","hentry"],"_links":{"self":[{"href":"https:\/\/www.rubberngila.com\/index.php?rest_route=\/wp\/v2\/pages\/317"}],"collection":[{"href":"https:\/\/www.rubberngila.com\/index.php?rest_route=\/wp\/v2\/pages"}],"about":[{"href":"https:\/\/www.rubberngila.com\/index.php?rest_route=\/wp\/v2\/types\/page"}],"author":[{"embeddable":true,"href":"https:\/\/www.rubberngila.com\/index.php?rest_route=\/wp\/v2\/users\/1"}],"replies":[{"embeddable":true,"href":"https:\/\/www.rubberngila.com\/index.php?rest_route=%2Fwp%2Fv2%2Fcomments&post=317"}],"version-history":[{"count":5,"href":"https:\/\/www.rubberngila.com\/index.php?rest_route=\/wp\/v2\/pages\/317\/revisions"}],"predecessor-version":[{"id":404,"href":"https:\/\/www.rubberngila.com\/index.php?rest_route=\/wp\/v2\/pages\/317\/revisions\/404"}],"up":[{"embeddable":true,"href":"https:\/\/www.rubberngila.com\/index.php?rest_route=\/wp\/v2\/pages\/24"}],"wp:attachment":[{"href":"https:\/\/www.rubberngila.com\/index.php?rest_route=%2Fwp%2Fv2%2Fmedia&parent=317"}],"curies":[{"name":"wp","href":"https:\/\/api.w.org\/{rel}","templated":true}]}}