{"id":54,"date":"2015-01-27T18:13:25","date_gmt":"2015-01-27T18:13:25","guid":{"rendered":"http:\/\/www.rubberngila.com\/?page_id=54"},"modified":"2015-05-17T12:50:46","modified_gmt":"2015-05-17T12:50:46","slug":"venda-da-rar-x-ou-rubind","status":"publish","type":"page","link":"https:\/\/www.rubberngila.com\/?page_id=54","title":{"rendered":"RAR X"},"content":{"rendered":"<div id=\"attachment_228\" style=\"width: 310px\" class=\"wp-caption alignnone\"><a href=\"http:\/\/www.shrp.biz\/\"><img loading=\"lazy\" decoding=\"async\" aria-describedby=\"caption-attachment-228\" class=\"wp-image-228 size-medium\" src=\"http:\/\/www.rubberngila.com\/wp-content\/uploads\/2015\/04\/logo-rar-300x113.png\" alt=\"logo-rar\" width=\"300\" height=\"113\" srcset=\"https:\/\/www.rubberngila.com\/wp-content\/uploads\/2015\/04\/logo-rar-300x113.png 300w, https:\/\/www.rubberngila.com\/wp-content\/uploads\/2015\/04\/logo-rar.png 551w\" sizes=\"(max-width: 300px) 100vw, 300px\" \/><\/a><p id=\"caption-attachment-228\" class=\"wp-caption-text\">RAR-X<\/p><\/div>\n<p>O RARX e um elastomero desenvolvido com base em borracha reciclada de pneus que melhora significativamente a elasticidade e a qualidade dos ligantes betuminosos a que e adicionado.<\/p>\n<p>Com o RAR-X produzido e distribu\u00eddo em Angola exclusivamente pela RECINGILA, \u00e9 agora fac\u00edlimo produzir Asfalto-\u00a0Borracha. Todos os empreiteiros o podem fazer nas suas centrais betuminosas. Basta RAR-X adicionar no\u00a0misturador da central do empreiteiro directamente ou adicion\u00e1-lo ao tanque do cami\u00e3o distribuidor aquando da execu\u00e7\u00e3o de\u00a0tratamentos superficiais.<\/p>\n","protected":false},"excerpt":{"rendered":"O RARX e um elastomero desenvolvido com base em borracha reciclada de pneus que melhora significativamente a elasticidade e a qualidade dos ligantes betuminosos a que e adicionado. Com o RAR-X produzido e distribu\u00eddo em Angola exclusivamente pela RECINGILA, \u00e9 agora fac\u00edlimo produzir Asfalto-\u00a0Borracha. Todos os empreiteiros o podem fazer nas suas centrais betuminosas. Basta RAR-X adicionar no\u00a0misturador da central&nbsp;<a href=\"https:\/\/www.rubberngila.com\/?page_id=54\" class=\"read-more\">Continue Reading<\/a>","protected":false},"author":1,"featured_media":0,"parent":24,"menu_order":0,"comment_status":"closed","ping_status":"closed","template":"page-fullwidth.php","meta":{"footnotes":""},"class_list":["post-54","page","type-page","status-publish","hentry"],"_links":{"self":[{"href":"https:\/\/www.rubberngila.com\/index.php?rest_route=\/wp\/v2\/pages\/54"}],"collection":[{"href":"https:\/\/www.rubberngila.com\/index.php?rest_route=\/wp\/v2\/pages"}],"about":[{"href":"https:\/\/www.rubberngila.com\/index.php?rest_route=\/wp\/v2\/types\/page"}],"author":[{"embeddable":true,"href":"https:\/\/www.rubberngila.com\/index.php?rest_route=\/wp\/v2\/users\/1"}],"replies":[{"embeddable":true,"href":"https:\/\/www.rubberngila.com\/index.php?rest_route=%2Fwp%2Fv2%2Fcomments&post=54"}],"version-history":[{"count":10,"href":"https:\/\/www.rubberngila.com\/index.php?rest_route=\/wp\/v2\/pages\/54\/revisions"}],"predecessor-version":[{"id":396,"href":"https:\/\/www.rubberngila.com\/index.php?rest_route=\/wp\/v2\/pages\/54\/revisions\/396"}],"up":[{"embeddable":true,"href":"https:\/\/www.rubberngila.com\/index.php?rest_route=\/wp\/v2\/pages\/24"}],"wp:attachment":[{"href":"https:\/\/www.rubberngila.com\/index.php?rest_route=%2Fwp%2Fv2%2Fmedia&parent=54"}],"curies":[{"name":"wp","href":"https:\/\/api.w.org\/{rel}","templated":true}]}}